
{"id":6171,"date":"2024-10-23T17:21:48","date_gmt":"2024-10-23T20:21:48","guid":{"rendered":"https:\/\/famlyfortino.com.ar\/motos\/?post_type=product&#038;p=6171"},"modified":"2024-11-04T14:57:45","modified_gmt":"2024-11-04T17:57:45","slug":"antiparra-hawk-visor-transparente","status":"publish","type":"product","link":"https:\/\/famlyfortino.com.ar\/motos\/producto\/antiparra-hawk-visor-transparente\/","title":{"rendered":"ANTIPARRA\u00a0HAWK\u00a0VISOR\u00a0TRANSPARENTE"},"content":{"rendered":"<h5>ANTIPARRA\u00a0HAWK<\/h5>\n<p>Las antiparras cuentan con 2 capas de espuma de alta performance y terminaci\u00f3n de microfibra de alta resistencia resistente al sudor, que brindan buena ventilaci\u00f3n, suavidad y adherencia. Posee una cinta de tela suave y el\u00e1stica con bandas de sujeci\u00f3n con silicona antideslizante que cuenta con hebillas ajustables para que se adapten perfectamente al tama\u00f1o de cabeza del motociclista. Las antiparras tienen protecci\u00f3n UV y sistema antivaho para evitar empa\u00f1amientos. Lente de policarbonato \u00f3pticamente correcto para visi\u00f3n m\u00e1s clara con antiscratch y antivaho<\/p>\n","protected":false},"excerpt":{"rendered":"<p>ANTIPARRA\u00a0HAWK Las antiparras cuentan con 2 capas de espuma de alta performance y terminaci\u00f3n de microfibra de alta resistencia resistente al sudor, que brindan buena ventilaci\u00f3n, suavidad y adherencia. Posee una cinta de tela suave y el\u00e1stica con bandas de sujeci\u00f3n con silicona antideslizante que cuenta con hebillas ajustables para que se adapten perfectamente al&#8230;<\/p>\n","protected":false},"featured_media":6180,"template":"","meta":[],"product_brand":[],"product_cat":[245],"product_tag":[246,244,199,247],"class_list":{"0":"post-6171","1":"product","2":"type-product","3":"status-publish","4":"has-post-thumbnail","6":"product_cat-antiparra","7":"product_tag-antiparra","8":"product_tag-calor","9":"product_tag-equipamiento","10":"product_tag-vision","12":"first","13":"instock","14":"sold-individually","15":"shipping-taxable","16":"purchasable","17":"product-type-variable"},"_links":{"self":[{"href":"https:\/\/famlyfortino.com.ar\/motos\/wp-json\/wp\/v2\/product\/6171","targetHints":{"allow":["GET"]}}],"collection":[{"href":"https:\/\/famlyfortino.com.ar\/motos\/wp-json\/wp\/v2\/product"}],"about":[{"href":"https:\/\/famlyfortino.com.ar\/motos\/wp-json\/wp\/v2\/types\/product"}],"wp:featuredmedia":[{"embeddable":true,"href":"https:\/\/famlyfortino.com.ar\/motos\/wp-json\/wp\/v2\/media\/6180"}],"wp:attachment":[{"href":"https:\/\/famlyfortino.com.ar\/motos\/wp-json\/wp\/v2\/media?parent=6171"}],"wp:term":[{"taxonomy":"product_brand","embeddable":true,"href":"https:\/\/famlyfortino.com.ar\/motos\/wp-json\/wp\/v2\/product_brand?post=6171"},{"taxonomy":"product_cat","embeddable":true,"href":"https:\/\/famlyfortino.com.ar\/motos\/wp-json\/wp\/v2\/product_cat?post=6171"},{"taxonomy":"product_tag","embeddable":true,"href":"https:\/\/famlyfortino.com.ar\/motos\/wp-json\/wp\/v2\/product_tag?post=6171"}],"curies":[{"name":"wp","href":"https:\/\/api.w.org\/{rel}","templated":true}]}}