
{"id":5726,"date":"2024-07-19T16:05:16","date_gmt":"2024-07-19T19:05:16","guid":{"rendered":"https:\/\/famlyfortino.com.ar\/motos\/?post_type=product&#038;p=5726"},"modified":"2024-09-28T12:55:26","modified_gmt":"2024-09-28T15:55:26","slug":"zx3","status":"publish","type":"product","link":"https:\/\/famlyfortino.com.ar\/motos\/producto\/zx3\/","title":{"rendered":"ZX3"},"content":{"rendered":"<section class=\"wpb-content-wrapper\"><p>[vc_row][vc_column width=&#8221;1\/2&#8243;][vc_column_text]El Nuevo casco integral de Hawk, ZX3, est\u00e1 pensado y dise\u00f1ado como un casco de gran calidad y seguridad. El mismo cuenta con detalles de alta calidad en todos sus componentes, comenzando con la pintura Soft Touch (en las versiones mate) y laca brillante, que protegen la pintura de posibles rayaduras y garantizan la protecci\u00f3n del color y la gr\u00e1fica. Una ventaja importante es que cuentan con interiores en microfibra de gran espesor y alta densidad, completamente desmontables y lavables, incluyendo cubre ment\u00f3n para una mejor ac\u00fastica.<br \/>\nOtro de sus detalles es el cierre milim\u00e9trico de visor permitiendo la apertura del mismo en variadas posiciones, este visor tambi\u00e9n cuenta con un desacople r\u00e1pido e intuitivo en caso de querer cambiar el mismo ( Quick rel\u00e9ase) y un ba\u00f1o anti scratch por coating que lo protegen de posibles rayaduras. Posee gran ventilaci\u00f3n frontal y Dos ventilaciones superiores independientes y Cierre microm\u00e9trico de la cinta de retenci\u00f3n.<br \/>\n<b>Incluye certificado Europeo R22-05 y bolsa de transporte en microfibra de alta durabilidad.<\/b><br \/>\nLos cascos se presentan en negro mate, negro brillante y tres Versiones de grafica combinada en Negro y fluo, blanco y rojo y negro y gris.<\/p>\n<ul>\n<li>Tama\u00f1os: S:56cm &#8211; M:58cm &#8211; L:60cm &#8211; XL:62cm<\/li>\n<li>Pintura soft touch (mate)<\/li>\n<li>Interiores y almohadillas completamente desmontables y lavables<\/li>\n<li>Cubre ment\u00f3n para mayor aislaci\u00f3n y mejor ac\u00fastica<\/li>\n<li>Visor anti scratch por coating<\/li>\n<li>Silence top<\/li>\n<li>Coll top<\/li>\n<li>Certificado R22-05<\/li>\n<li>Cinta de retenci\u00f3n con cierre microm\u00e9trico<\/li>\n<li>Apertura de visor multiposici\u00f3n<\/li>\n<li>Caja Individual<\/li>\n<li>Bolsa Transportable<\/li>\n<\/ul>\n<p>[\/vc_column_text][\/vc_column][vc_column width=&#8221;1\/2&#8243;][vc_gallery interval=&#8221;3&#8243; images=&#8221;5736,5735,5734,5733,5732,5731&#8243; img_size=&#8221;full&#8221;][\/vc_column][\/vc_row]<\/p>\n<\/section>","protected":false},"excerpt":{"rendered":"<h5>SI LO QUE BUSCAS ES FUNCIONALIDAD Y SEGURIDAD EN UN CASCO ESTA ES TU MEJOR OPCION.<\/h5>\n","protected":false},"featured_media":5736,"template":"","meta":[],"product_brand":[],"product_cat":[173,229],"product_tag":[201,199,200,216],"class_list":{"0":"post-5726","1":"product","2":"type-product","3":"status-publish","4":"has-post-thumbnail","6":"product_cat-cascos","7":"product_cat-integral","8":"product_tag-casco","9":"product_tag-equipamiento","10":"product_tag-seguridad","11":"product_tag-zx3","13":"first","14":"instock","15":"sold-individually","16":"shipping-taxable","17":"purchasable","18":"product-type-variable"},"_links":{"self":[{"href":"https:\/\/famlyfortino.com.ar\/motos\/wp-json\/wp\/v2\/product\/5726","targetHints":{"allow":["GET"]}}],"collection":[{"href":"https:\/\/famlyfortino.com.ar\/motos\/wp-json\/wp\/v2\/product"}],"about":[{"href":"https:\/\/famlyfortino.com.ar\/motos\/wp-json\/wp\/v2\/types\/product"}],"wp:featuredmedia":[{"embeddable":true,"href":"https:\/\/famlyfortino.com.ar\/motos\/wp-json\/wp\/v2\/media\/5736"}],"wp:attachment":[{"href":"https:\/\/famlyfortino.com.ar\/motos\/wp-json\/wp\/v2\/media?parent=5726"}],"wp:term":[{"taxonomy":"product_brand","embeddable":true,"href":"https:\/\/famlyfortino.com.ar\/motos\/wp-json\/wp\/v2\/product_brand?post=5726"},{"taxonomy":"product_cat","embeddable":true,"href":"https:\/\/famlyfortino.com.ar\/motos\/wp-json\/wp\/v2\/product_cat?post=5726"},{"taxonomy":"product_tag","embeddable":true,"href":"https:\/\/famlyfortino.com.ar\/motos\/wp-json\/wp\/v2\/product_tag?post=5726"}],"curies":[{"name":"wp","href":"https:\/\/api.w.org\/{rel}","templated":true}]}}