
{"id":5668,"date":"2024-07-19T10:31:47","date_gmt":"2024-07-19T13:31:47","guid":{"rendered":"https:\/\/famlyfortino.com.ar\/motos\/?post_type=product&#038;p=5668"},"modified":"2025-04-28T11:28:28","modified_gmt":"2025-04-28T14:28:28","slug":"rs1-full","status":"publish","type":"product","link":"https:\/\/famlyfortino.com.ar\/motos\/producto\/rs1-full\/","title":{"rendered":"RS1 FULL"},"content":{"rendered":"<section class=\"wpb-content-wrapper\"><p>[vc_row][vc_column width=&#8221;1\/2&#8243;][vc_column_text]El nuevo casco integral Hawk est\u00e1 pensado y dise\u00f1ado como un casco de gran calidad y seguridad, al alcance de todos. Los detalles como la tela reflectiva en la nuca, el interior en set de poli\u00e9ster con mayor espesor y el material de confort que recubre el cierre de retenci\u00f3n microm\u00e9trico lo destacan dentro de su gama. La calota es inyectada en abs virgen con color incorporado, lo que asegura que las posible rayaduras o golpes no alteren su color. Otro de sus detalles distintivos lo podemos encontrar en el visor que adem\u00e1s de ser anticratch por coating tiene un bisel superior que garantiza una muy buena hermeticidad.<\/p>\n<ul>\n<li>Tama\u00f1os: S:56cm &#8211; M:58cm &#8211; L:60cm &#8211; XL:62cm<\/li>\n<li>Gr\u00e1fica: Calcos de agua<\/li>\n<li>Material: ABS<\/li>\n<li>Retencion: Hebilla Autom\u00e1tica<\/li>\n<li>Terminaci\u00f3n: Laca Tricapa<\/li>\n<li>Ventilaci\u00f3n: Superior e Inferior<\/li>\n<\/ul>\n<p>[\/vc_column_text][\/vc_column][vc_column width=&#8221;1\/2&#8243;][vc_gallery interval=&#8221;3&#8243; images=&#8221;5697,5696,5695,5694,5693,5692,5690,5689,5688,5687,5686,5685,5683,5682,5681,5680,5679,5678,5676,5675,5674,5673,5672,5671,6056,6055,6054,6053&#8243; img_size=&#8221;full&#8221;][\/vc_column][\/vc_row]<\/p>\n<\/section>","protected":false},"excerpt":{"rendered":"<h5>SI LO QUE BUSCAS ES FUNCIONALIDAD Y SEGURIDAD EN UN CASCO ESTA ES TU MEJOR OPCION.<\/h5>\n","protected":false},"featured_media":5676,"template":"","meta":[],"product_brand":[],"product_cat":[173,229],"product_tag":[196,201,199,202,200],"class_list":{"0":"post-5668","1":"product","2":"type-product","3":"status-publish","4":"has-post-thumbnail","6":"product_cat-cascos","7":"product_cat-integral","8":"product_tag-campera","9":"product_tag-casco","10":"product_tag-equipamiento","11":"product_tag-rs5","12":"product_tag-seguridad","14":"first","15":"instock","16":"sold-individually","17":"shipping-taxable","18":"purchasable","19":"product-type-variable"},"_links":{"self":[{"href":"https:\/\/famlyfortino.com.ar\/motos\/wp-json\/wp\/v2\/product\/5668","targetHints":{"allow":["GET"]}}],"collection":[{"href":"https:\/\/famlyfortino.com.ar\/motos\/wp-json\/wp\/v2\/product"}],"about":[{"href":"https:\/\/famlyfortino.com.ar\/motos\/wp-json\/wp\/v2\/types\/product"}],"wp:featuredmedia":[{"embeddable":true,"href":"https:\/\/famlyfortino.com.ar\/motos\/wp-json\/wp\/v2\/media\/5676"}],"wp:attachment":[{"href":"https:\/\/famlyfortino.com.ar\/motos\/wp-json\/wp\/v2\/media?parent=5668"}],"wp:term":[{"taxonomy":"product_brand","embeddable":true,"href":"https:\/\/famlyfortino.com.ar\/motos\/wp-json\/wp\/v2\/product_brand?post=5668"},{"taxonomy":"product_cat","embeddable":true,"href":"https:\/\/famlyfortino.com.ar\/motos\/wp-json\/wp\/v2\/product_cat?post=5668"},{"taxonomy":"product_tag","embeddable":true,"href":"https:\/\/famlyfortino.com.ar\/motos\/wp-json\/wp\/v2\/product_tag?post=5668"}],"curies":[{"name":"wp","href":"https:\/\/api.w.org\/{rel}","templated":true}]}}