
{"id":5627,"date":"2024-07-18T17:03:26","date_gmt":"2024-07-18T20:03:26","guid":{"rendered":"https:\/\/famlyfortino.com.ar\/motos\/?post_type=product&#038;p=5627"},"modified":"2024-09-28T12:03:59","modified_gmt":"2024-09-28T15:03:59","slug":"rs11-evo","status":"publish","type":"product","link":"https:\/\/famlyfortino.com.ar\/motos\/producto\/rs11-evo\/","title":{"rendered":"RS11 EVO"},"content":{"rendered":"<section class=\"wpb-content-wrapper\"><p>[vc_row][vc_column width=&#8221;1\/2&#8243;][vc_column_text]El RS11 es un casco integral que posee un dise\u00f1o moderno, deportivo, apto para los niveles de exigencia m\u00e1s altos. Un visor mucho m\u00e1s resistente gracias al tratamiento anti scratch coating y su sunvisor hacen de este casco el ideal tanto para el dia como para la noche. Los interiores est\u00e1n pensados para ofrecer comodidad y frescura. El cierre del casco queda asegurado por nuestro nuevo modelo de hebilla autom\u00e1tica, haciendo realmente f\u00e1cil la apertura y cierre de la misma.<\/p>\n<ul>\n<li>Tama\u00f1os: S:56cm &#8211; M:58cm &#8211; L:60cm &#8211; XL:62cm<\/li>\n<li>Gr\u00e1fica: Calcos de agua<\/li>\n<li>Material: ABS<\/li>\n<li>Retencion: Hebilla Autom\u00e1tica<\/li>\n<li>Terminaci\u00f3n: Laca Tricapa<\/li>\n<li>Ventilaci\u00f3n: Superior e Inferior<\/li>\n<\/ul>\n<p>[\/vc_column_text][\/vc_column][vc_column width=&#8221;1\/2&#8243;][vc_gallery interval=&#8221;3&#8243; images=&#8221;5636,5635,5634,5633,5632,5631&#8243; img_size=&#8221;full&#8221;][\/vc_column][\/vc_row]<\/p>\n<\/section>","protected":false},"excerpt":{"rendered":"<h5>SI LO QUE BUSCAS ES FUNCIONALIDAD Y SEGURIDAD EN UN CASCO ESTA ES TU MEJOR OPCION.<\/h5>\n","protected":false},"featured_media":5635,"template":"","meta":[],"product_brand":[],"product_cat":[173,229],"product_tag":[201,199,210,209,200],"class_list":{"0":"post-5627","1":"product","2":"type-product","3":"status-publish","4":"has-post-thumbnail","6":"product_cat-cascos","7":"product_cat-integral","8":"product_tag-casco","9":"product_tag-equipamiento","10":"product_tag-evo","11":"product_tag-rs11","12":"product_tag-seguridad","14":"first","15":"instock","16":"sold-individually","17":"shipping-taxable","18":"purchasable","19":"product-type-variable"},"_links":{"self":[{"href":"https:\/\/famlyfortino.com.ar\/motos\/wp-json\/wp\/v2\/product\/5627","targetHints":{"allow":["GET"]}}],"collection":[{"href":"https:\/\/famlyfortino.com.ar\/motos\/wp-json\/wp\/v2\/product"}],"about":[{"href":"https:\/\/famlyfortino.com.ar\/motos\/wp-json\/wp\/v2\/types\/product"}],"wp:featuredmedia":[{"embeddable":true,"href":"https:\/\/famlyfortino.com.ar\/motos\/wp-json\/wp\/v2\/media\/5635"}],"wp:attachment":[{"href":"https:\/\/famlyfortino.com.ar\/motos\/wp-json\/wp\/v2\/media?parent=5627"}],"wp:term":[{"taxonomy":"product_brand","embeddable":true,"href":"https:\/\/famlyfortino.com.ar\/motos\/wp-json\/wp\/v2\/product_brand?post=5627"},{"taxonomy":"product_cat","embeddable":true,"href":"https:\/\/famlyfortino.com.ar\/motos\/wp-json\/wp\/v2\/product_cat?post=5627"},{"taxonomy":"product_tag","embeddable":true,"href":"https:\/\/famlyfortino.com.ar\/motos\/wp-json\/wp\/v2\/product_tag?post=5627"}],"curies":[{"name":"wp","href":"https:\/\/api.w.org\/{rel}","templated":true}]}}