
{"id":5546,"date":"2024-07-01T15:36:37","date_gmt":"2024-07-01T18:36:37","guid":{"rendered":"https:\/\/famlyfortino.com.ar\/motos\/?post_type=product&#038;p=5546"},"modified":"2025-07-05T11:11:01","modified_gmt":"2025-07-05T14:11:01","slug":"rs5-flip-up","status":"publish","type":"product","link":"https:\/\/famlyfortino.com.ar\/motos\/producto\/rs5-flip-up\/","title":{"rendered":"RS5 FLIP UP"},"content":{"rendered":"<section class=\"wpb-content-wrapper\"><p>[vc_row][vc_column width=&#8221;1\/2&#8243;][vc_column_text]Con la mayor versatilidad, el RS5 es nuestro modelo de casco con mentonera rebatible, toma la comodidad y frescura de un casco abierto, con la seguridad, aislaci\u00f3n y sonoridad de un casco integral. Un casco ideal para los que est\u00e1n muchas horas del d\u00eda conduciendo. El sistema de apertura y cierre es de \u00faltima generaci\u00f3n, noble y de muy f\u00e1cil accionamiento.<\/p>\n<ul>\n<li>Tama\u00f1os: S:56cm &#8211; M:58cm &#8211; L:60cm &#8211; XL:62cm<\/li>\n<li>Gr\u00e1fica: Calcos de agua<\/li>\n<li>Material: ABS<\/li>\n<li>Retencion: Hebilla Autom\u00e1tica<\/li>\n<li>Terminaci\u00f3n: Laca Tricapa<\/li>\n<li>Ventilaci\u00f3n: Inferior<\/li>\n<\/ul>\n<p>[\/vc_column_text][\/vc_column][vc_column width=&#8221;1\/2&#8243;][vc_gallery interval=&#8221;3&#8243; images=&#8221;5725,5724,5723,5722,5721,5720,6041,6037,6040,6036,6039,6038&#8243; img_size=&#8221;full&#8221;][\/vc_column][\/vc_row]<\/p>\n<\/section>","protected":false},"excerpt":{"rendered":"<h5>SI LO QUE BUSCAS ES FUNCIONALIDAD Y SEGURIDAD EN UN CASCO ESTA ES TU MEJOR OPCION.<\/h5>\n","protected":false},"featured_media":5725,"template":"","meta":[],"product_brand":[],"product_cat":[173,230],"product_tag":[196,201,199,202,200],"class_list":{"0":"post-5546","1":"product","2":"type-product","3":"status-publish","4":"has-post-thumbnail","6":"product_cat-cascos","7":"product_cat-rebatible","8":"product_tag-campera","9":"product_tag-casco","10":"product_tag-equipamiento","11":"product_tag-rs5","12":"product_tag-seguridad","14":"first","15":"outofstock","16":"sold-individually","17":"shipping-taxable","18":"product-type-variable"},"_links":{"self":[{"href":"https:\/\/famlyfortino.com.ar\/motos\/wp-json\/wp\/v2\/product\/5546","targetHints":{"allow":["GET"]}}],"collection":[{"href":"https:\/\/famlyfortino.com.ar\/motos\/wp-json\/wp\/v2\/product"}],"about":[{"href":"https:\/\/famlyfortino.com.ar\/motos\/wp-json\/wp\/v2\/types\/product"}],"wp:featuredmedia":[{"embeddable":true,"href":"https:\/\/famlyfortino.com.ar\/motos\/wp-json\/wp\/v2\/media\/5725"}],"wp:attachment":[{"href":"https:\/\/famlyfortino.com.ar\/motos\/wp-json\/wp\/v2\/media?parent=5546"}],"wp:term":[{"taxonomy":"product_brand","embeddable":true,"href":"https:\/\/famlyfortino.com.ar\/motos\/wp-json\/wp\/v2\/product_brand?post=5546"},{"taxonomy":"product_cat","embeddable":true,"href":"https:\/\/famlyfortino.com.ar\/motos\/wp-json\/wp\/v2\/product_cat?post=5546"},{"taxonomy":"product_tag","embeddable":true,"href":"https:\/\/famlyfortino.com.ar\/motos\/wp-json\/wp\/v2\/product_tag?post=5546"}],"curies":[{"name":"wp","href":"https:\/\/api.w.org\/{rel}","templated":true}]}}