
{"id":5067,"date":"2023-09-15T02:45:56","date_gmt":"2023-09-15T05:45:56","guid":{"rendered":"https:\/\/famlyfortino.com.ar\/motos\/?page_id=5067"},"modified":"2023-10-30T23:31:17","modified_gmt":"2023-10-31T02:31:17","slug":"postventa","status":"publish","type":"page","link":"https:\/\/famlyfortino.com.ar\/motos\/postventa\/","title":{"rendered":"Post Venta"},"content":{"rendered":"<section class=\"wpb-content-wrapper\"><p>[vc_row][vc_column css=&#8221;.vc_custom_1694754782983{margin-bottom: 10px !important;}&#8221;][vc_custom_heading text=&#8221;Servicio Postventa y Repuestos&#8221; font_container=&#8221;tag:h2|font_size:40px|text_align:center|color:%233f51b5&#8243; google_fonts=&#8221;font_family:Roboto%3A100%2C100italic%2C300%2C300italic%2Cregular%2Citalic%2C500%2C500italic%2C700%2C700italic%2C900%2C900italic|font_style:700%20bold%20regular%3A700%3Anormal&#8221; css=&#8221;.vc_custom_1694756680364{padding-top: 50px !important;padding-bottom: 20px !important;}&#8221;][vc_custom_heading text=&#8221;Solicit\u00e1 aqu\u00ed un servicio Postventa o tu repuesto original o garantizado.&#8221; font_container=&#8221;tag:h3|font_size:28px|text_align:center|color:%234e4e4e&#8221; google_fonts=&#8221;font_family:Roboto%3A100%2C100italic%2C300%2C300italic%2Cregular%2Citalic%2C500%2C500italic%2C700%2C700italic%2C900%2C900italic|font_style:300%20light%20regular%3A300%3Anormal&#8221; css=&#8221;.vc_custom_1694756690778{padding-top: 0px !important;padding-bottom: 0px !important;}&#8221;][\/vc_column][\/vc_row][vc_row full_width=&#8221;stretch_row&#8221; css=&#8221;.vc_custom_1694757496663{margin-top: 30px !important;padding-top: 20px !important;padding-bottom: 20px !important;background-color: #f7f7f7 !important;}&#8221;][vc_column width=&#8221;1\/6&#8243;][\/vc_column][vc_column width=&#8221;2\/3&#8243;]\n<div class=\"wpcf7 no-js\" id=\"wpcf7-f5342-o1\" lang=\"es-ES\" dir=\"ltr\" data-wpcf7-id=\"5342\">\n<div class=\"screen-reader-response\"><p role=\"status\" aria-live=\"polite\" aria-atomic=\"true\"><\/p> <ul><\/ul><\/div>\n<form action=\"\/motos\/wp-json\/wp\/v2\/pages\/5067#wpcf7-f5342-o1\" method=\"post\" class=\"wpcf7-form init\" aria-label=\"Formulario de contacto\" novalidate=\"novalidate\" data-status=\"init\">\n<fieldset class=\"hidden-fields-container\"><input type=\"hidden\" name=\"_wpcf7\" value=\"5342\" \/><input type=\"hidden\" name=\"_wpcf7_version\" value=\"6.1.5\" \/><input type=\"hidden\" name=\"_wpcf7_locale\" value=\"es_ES\" \/><input type=\"hidden\" name=\"_wpcf7_unit_tag\" value=\"wpcf7-f5342-o1\" \/><input type=\"hidden\" name=\"_wpcf7_container_post\" value=\"0\" \/><input type=\"hidden\" name=\"_wpcf7_posted_data_hash\" value=\"\" \/>\n<\/fieldset>\n<div class=\"row stm-forms-sm\">\n    <div class=\"col-md-4 col-sm-4\">\n       <div class=\"form-group\">\n         <div class=\"form-label-small\">Nombre<\/div>\n         <span class=\"wpcf7-form-control-wrap\" data-name=\"your-name\"><input size=\"40\" maxlength=\"400\" class=\"wpcf7-form-control wpcf7-text wpcf7-validates-as-required\" aria-required=\"true\" aria-invalid=\"false\" value=\"\" type=\"text\" name=\"your-name\" \/><\/span>\n       <\/div>\n    <\/div>\n    <div class=\"col-md-4 col-sm-4\">\n       <div class=\"form-group\">\n         <div class=\"form-label-small\">Email<\/div>\n         <span class=\"wpcf7-form-control-wrap\" data-name=\"your-email\"><input size=\"40\" maxlength=\"400\" class=\"wpcf7-form-control wpcf7-email wpcf7-validates-as-required wpcf7-text wpcf7-validates-as-email\" aria-required=\"true\" aria-invalid=\"false\" value=\"\" type=\"email\" name=\"your-email\" \/><\/span>\n       <\/div>\n    <\/div>\n    <div class=\"col-md-4 col-sm-4\">\n       <div class=\"form-group\">\n         <div class=\"form-label-small\">Tel\u00e9fono<\/div>\n         <span class=\"wpcf7-form-control-wrap\" data-name=\"your-tel\"><input size=\"40\" maxlength=\"400\" class=\"wpcf7-form-control wpcf7-tel wpcf7-validates-as-required wpcf7-text wpcf7-validates-as-tel\" aria-required=\"true\" aria-invalid=\"false\" value=\"\" type=\"tel\" name=\"your-tel\" \/><\/span>\n       <\/div>\n    <\/div>\n<\/div>\n<div class=\"row stm-forms-sm\">\n     <div class=\"col-md-12 col-sm-12\">\n       <div class=\"form-group-textarea\">\n         <div class=\"form-label\">Mensaje<\/div>\n         <span class=\"wpcf7-form-control-wrap\" data-name=\"your-message\"><textarea cols=\"40\" rows=\"10\" maxlength=\"2000\" class=\"wpcf7-form-control wpcf7-textarea\" aria-invalid=\"false\" name=\"your-message\"><\/textarea><\/span>\n       <\/div>\n    <\/div>\n    \n<\/div>\n<!--<hr class=\"form-hr\"\/>-->\n<div class=\"row\">\n    <div class=\"col-md-4 col-sm-4\">\n        <input class=\"wpcf7-form-control wpcf7-submit has-spinner button-fluid\" type=\"submit\" value=\"Enviar\" \/>\n    <\/div>\n    <div class=\"col-md-8 col-sm-8\">\n       <div class=\"stm-form-alert\" style=\"color:#b5b5b5;font-size:12px;line-height:13px;margin-top:0px;margin-bottom:10px\">\n          Nos pondremos en contacto vos lo antes posible si prefieres pod\u00e9s consultar por WhatsApp inmediatamente dentro de nuestro horario de atenci\u00f3n al cliente pulsando en el bot\u00f3n verde de abajo.\n       <\/div>\n    <\/div>\n<\/div><div class=\"wpcf7-response-output\" aria-hidden=\"true\"><\/div>\n<\/form>\n<\/div>\n[\/vc_column][vc_column width=&#8221;1\/6&#8243;][\/vc_column][\/vc_row][vc_row css=&#8221;.vc_custom_1694858030567{margin-bottom: 30px !important;}&#8221;][vc_column offset=&#8221;vc_hidden-lg vc_hidden-md&#8221;][vc_btn title=&#8221;CONSULTA INMEDIATA WHATSAPP&#8221; style=&#8221;flat&#8221; color=&#8221;success&#8221; align=&#8221;center&#8221; i_icon_fontawesome=&#8221;fab fa-whatsapp&#8221; button_block=&#8221;true&#8221; add_icon=&#8221;true&#8221; link=&#8221;url:https%3A%2F%2Fapi.whatsapp.com%2Fsend%3Fphone%3D%2B5493815740451%20_blank|target:_blank&#8221;][\/vc_column][\/vc_row][vc_row css=&#8221;.vc_custom_1694858052742{margin-bottom: 30px !important;}&#8221;][vc_column offset=&#8221;vc_hidden-sm vc_hidden-xs&#8221;][vc_btn title=&#8221;CONSULTA INMEDIATA WHATSAPP&#8221; style=&#8221;flat&#8221; color=&#8221;success&#8221; align=&#8221;center&#8221; i_icon_fontawesome=&#8221;fab fa-whatsapp&#8221; button_block=&#8221;true&#8221; add_icon=&#8221;true&#8221; link=&#8221;url:https%3A%2F%2Fweb.whatsapp.com%2Fsend%3Fphone%3D%2B5493815740451%20_blank|target:_blank&#8221;][\/vc_column][\/vc_row]<\/p>\n<\/section>","protected":false},"excerpt":{"rendered":"<p>[vc_row][vc_column css=&#8221;.vc_custom_1694754782983{margin-bottom: 10px !important;}&#8221;][vc_custom_heading text=&#8221;Servicio Postventa y Repuestos&#8221; font_container=&#8221;tag:h2|font_size:40px|text_align:center|color:%233f51b5&#8243; google_fonts=&#8221;font_family:Roboto%3A100%2C100italic%2C300%2C300italic%2Cregular%2Citalic%2C500%2C500italic%2C700%2C700italic%2C900%2C900italic|font_style:700%20bold%20regular%3A700%3Anormal&#8221; css=&#8221;.vc_custom_1694756680364{padding-top: 50px !important;padding-bottom: 20px !important;}&#8221;][vc_custom_heading text=&#8221;Solicit\u00e1 aqu\u00ed un servicio Postventa o tu repuesto original o garantizado.&#8221; font_container=&#8221;tag:h3|font_size:28px|text_align:center|color:%234e4e4e&#8221; google_fonts=&#8221;font_family:Roboto%3A100%2C100italic%2C300%2C300italic%2Cregular%2Citalic%2C500%2C500italic%2C700%2C700italic%2C900%2C900italic|font_style:300%20light%20regular%3A300%3Anormal&#8221; css=&#8221;.vc_custom_1694756690778{padding-top: 0px !important;padding-bottom: 0px !important;}&#8221;][\/vc_column][\/vc_row][vc_row full_width=&#8221;stretch_row&#8221; css=&#8221;.vc_custom_1694757496663{margin-top: 30px !important;padding-top: 20px !important;padding-bottom: 20px !important;background-color: #f7f7f7 !important;}&#8221;][vc_column width=&#8221;1\/6&#8243;][\/vc_column][vc_column width=&#8221;2\/3&#8243;][\/vc_column][vc_column width=&#8221;1\/6&#8243;][\/vc_column][\/vc_row][vc_row css=&#8221;.vc_custom_1694858030567{margin-bottom: 30px !important;}&#8221;][vc_column offset=&#8221;vc_hidden-lg vc_hidden-md&#8221;][vc_btn title=&#8221;CONSULTA INMEDIATA WHATSAPP&#8221; style=&#8221;flat&#8221;&#8230;<\/p>\n","protected":false},"author":1,"featured_media":5174,"parent":0,"menu_order":0,"comment_status":"closed","ping_status":"closed","template":"","meta":{"footnotes":""},"class_list":["post-5067","page","type-page","status-publish","has-post-thumbnail","hentry"],"_links":{"self":[{"href":"https:\/\/famlyfortino.com.ar\/motos\/wp-json\/wp\/v2\/pages\/5067","targetHints":{"allow":["GET"]}}],"collection":[{"href":"https:\/\/famlyfortino.com.ar\/motos\/wp-json\/wp\/v2\/pages"}],"about":[{"href":"https:\/\/famlyfortino.com.ar\/motos\/wp-json\/wp\/v2\/types\/page"}],"author":[{"embeddable":true,"href":"https:\/\/famlyfortino.com.ar\/motos\/wp-json\/wp\/v2\/users\/1"}],"replies":[{"embeddable":true,"href":"https:\/\/famlyfortino.com.ar\/motos\/wp-json\/wp\/v2\/comments?post=5067"}],"version-history":[{"count":15,"href":"https:\/\/famlyfortino.com.ar\/motos\/wp-json\/wp\/v2\/pages\/5067\/revisions"}],"predecessor-version":[{"id":5343,"href":"https:\/\/famlyfortino.com.ar\/motos\/wp-json\/wp\/v2\/pages\/5067\/revisions\/5343"}],"wp:featuredmedia":[{"embeddable":true,"href":"https:\/\/famlyfortino.com.ar\/motos\/wp-json\/wp\/v2\/media\/5174"}],"wp:attachment":[{"href":"https:\/\/famlyfortino.com.ar\/motos\/wp-json\/wp\/v2\/media?parent=5067"}],"curies":[{"name":"wp","href":"https:\/\/api.w.org\/{rel}","templated":true}]}}