
{"id":4864,"date":"2023-09-11T10:49:54","date_gmt":"2023-09-11T13:49:54","guid":{"rendered":"https:\/\/famlyfortino.com.ar\/motos\/?page_id=4864"},"modified":"2024-07-30T00:13:08","modified_gmt":"2024-07-30T03:13:08","slug":"lf-150-t","status":"publish","type":"page","link":"https:\/\/famlyfortino.com.ar\/motos\/modelos\/lf-150-t\/","title":{"rendered":"LF 150 T"},"content":{"rendered":"<section class=\"wpb-content-wrapper\"><p>[vc_row][vc_column]\n\t\t\t<!-- START LF 150 T REVOLUTION SLIDER 6.7.7 --><p class=\"rs-p-wp-fix\"><\/p>\n\t\t\t<rs-module-wrap id=\"rev_slider_8_1_wrapper\" data-source=\"gallery\" style=\"visibility:hidden;background:transparent;padding:0;margin:0px auto;margin-top:0;margin-bottom:0;\">\n\t\t\t\t<rs-module id=\"rev_slider_8_1\" style=\"\" data-version=\"6.7.7\">\n\t\t\t\t\t<rs-slides style=\"overflow: hidden; position: absolute;\">\n\t\t\t\t\t\t<rs-slide style=\"position: absolute;\" data-key=\"rs-18\" data-title=\"TITULO\" data-in=\"o:0;\" data-out=\"a:false;\">\n\t\t\t\t\t\t\t<img decoding=\"async\" src=\"\/\/famlyfortino.com.ar\/motos\/wp-content\/plugins\/revslider\/sr6\/assets\/assets\/dummy.png\" alt=\"\" title=\"back lf150t\" width=\"1837\" height=\"1226\" class=\"rev-slidebg tp-rs-img rs-lazyload\" data-lazyload=\"\/\/famlyfortino.com.ar\/motos\/wp-content\/uploads\/2023\/09\/back-lf150t.jpg\" data-panzoom=\"d:10000;ss:120%;se:100;\" data-no-retina>\n<!--\n\t\t\t\t\t\t\t--><rs-layer\n\t\t\t\t\t\t\t\tid=\"slider-8-slide-18-layer-0\" \n\t\t\t\t\t\t\t\tdata-type=\"text\"\n\t\t\t\t\t\t\t\tdata-color=\"#ffffff\"\n\t\t\t\t\t\t\t\tdata-rsp_ch=\"on\"\n\t\t\t\t\t\t\t\tdata-xy=\"x:50px;y:54px;\"\n\t\t\t\t\t\t\t\tdata-text=\"w:normal;l:-14;\"\n\t\t\t\t\t\t\t\tdata-dim=\"w:435;h:100;\"\n\t\t\t\t\t\t\t\tdata-frame_999=\"o:0;st:w;\"\n\t\t\t\t\t\t\t\tstyle=\"z-index:8;font-family:'Roboto';\"\n\t\t\t\t\t\t\t><h1 style=\"color:white\";font-weight:800\">LF 150 T<\/h1><br><br \/>\n<h3 style=\"color:white;font-weight:800\">Para acompa\u00f1ar tu estilo<h3> \n\t\t\t\t\t\t\t<\/rs-layer><!--\n-->\t\t\t\t\t<\/rs-slide>\n\t\t\t\t\t<\/rs-slides>\n\t\t\t\t<\/rs-module>\n\t\t\t\t<script>\n\t\t\t\t\tsetREVStartSize({c: 'rev_slider_8_1',rl:[1240,1024,778,480],el:[500],gw:[1240],gh:[500],type:'standard',justify:'',layout:'fullwidth',mh:\"0\"});if (window.RS_MODULES!==undefined && window.RS_MODULES.modules!==undefined && window.RS_MODULES.modules[\"revslider81\"]!==undefined) {window.RS_MODULES.modules[\"revslider81\"].once = false;window.revapi8 = undefined;if (window.RS_MODULES.checkMinimal!==undefined) window.RS_MODULES.checkMinimal()}\n\t\t\t\t<\/script>\n\t\t\t<\/rs-module-wrap>\n\t\t\t<!-- END REVOLUTION SLIDER -->\n[\/vc_column][\/vc_row][vc_row gap=&#8221;10&#8243; css=&#8221;.vc_custom_1694826810721{margin-top: 10px !important;margin-bottom: 10px !important;}&#8221;][vc_column][vc_column_text css_animation=&#8221;bottom-to-top&#8221;]<\/p>\r\n<p class=\"has-text-align-center has-medium-font-size\" style=\"text-align: center;\"><span style=\"color: #000000;\"><strong>Para acompa\u00f1ar tu estilo<\/strong><\/span><\/p>\r\n<p style=\"text-align: center;\"><span style=\"color: #000000;\"><!-- \/wp:post-content --><\/span><\/p>\r\n<p><span style=\"color: #000000;\"><!-- wp:paragraph {\"align\":\"center\"} --><\/span><\/p>\r\n<p class=\"has-text-align-center\" style=\"text-align: center;\"><span style=\"color: #000000;\">El tama\u00f1o compacto de nuestro scooter es la forma m\u00e1s c\u00f3moda y pr\u00e1ctica para moverte en la ciudad.<\/span><\/p>\r\n<p style=\"text-align: center;\"><span style=\"color: #000000;\"><!-- \/wp:paragraph --><\/span><\/p>\r\n<p><span style=\"color: #000000;\"><!-- wp:paragraph {\"align\":\"center\",\"fontSize\":\"medium\"} --><\/span><\/p>\r\n<p class=\"has-text-align-center has-medium-font-size\" style=\"text-align: center;\"><span style=\"color: #000000;\"><strong>Precio $ 997.000 *<\/strong><\/span><\/p>\r\n<p>[\/vc_column_text][\/vc_column][\/vc_row][vc_row gap=&#8221;10&#8243; css=&#8221;.vc_custom_1694826966474{margin-top: 10px !important;margin-bottom: 10px !important;}&#8221;][vc_column width=&#8221;1\/3&#8243; css=&#8221;.vc_custom_1693656538876{margin-top: 40px !important;border-bottom-width: 40px !important;}&#8221;][\/vc_column][vc_column width=&#8221;1\/3&#8243;][vc_btn title=&#8221;Contactar a un asesor&#8221; style=&#8221;flat&#8221; shape=&#8221;round&#8221; color=&#8221;blue&#8221; align=&#8221;center&#8221; css=&#8221;.vc_custom_1693573962359{padding-top: 10px !important;padding-bottom: 10px !important;}&#8221;][\/vc_column][vc_column width=&#8221;1\/3&#8243;][\/vc_column][\/vc_row][vc_row content_placement=&#8221;middle&#8221; css_animation=&#8221;bottom-to-top&#8221;][vc_column width=&#8221;1\/3&#8243; css=&#8221;.vc_custom_1694826885928{margin-bottom: 10px !important;}&#8221;][vc_btn title=&#8221;Ficha T\u00e9cnica&#8221; style=&#8221;flat&#8221; shape=&#8221;round&#8221; color=&#8221;blue&#8221; align=&#8221;center&#8221; button_block=&#8221;true&#8221; link=&#8221;url:http%3A%2F%2Fwww.fortunatofortino.com%2Ffamlyfortino%2Fresources%2Flifan%2Ffichas%2Fmoto-lf150t-fichatecnica_1666720702.pdf|title:Ficha%20T%C3%A9cnica|target:_blank&#8221;][\/vc_column][vc_column width=&#8221;1\/3&#8243; css=&#8221;.vc_custom_1693914302100{margin-bottom: 10px !important;}&#8221;][vc_btn title=&#8221;Manual de Usuario&#8221; style=&#8221;flat&#8221; shape=&#8221;round&#8221; color=&#8221;blue&#8221; align=&#8221;center&#8221; button_block=&#8221;true&#8221; css=&#8221;.vc_custom_1694826903034{border-radius: 2px !important;}&#8221; link=&#8221;url:http%3A%2F%2Fwww.fortunatofortino.com%2Ffamlyfortino%2Fresources%2Flifan%2Fmanuales%2Fmanualusuariolf150t_1677516423.pdf|title:Manual%20de%20Usuario|target:_blank&#8221;][\/vc_column][vc_column width=&#8221;1\/3&#8243;][vc_btn title=&#8221;Lista de Precios de Servicios&#8221; style=&#8221;flat&#8221; shape=&#8221;round&#8221; color=&#8221;blue&#8221; align=&#8221;center&#8221; button_block=&#8221;true&#8221; css=&#8221;.vc_custom_1694826910208{background-color: #ffffff !important;}&#8221; link=&#8221;url:https%3A%2F%2Ffamlymotos.famly.com.ar%2Fuploaded_files%2Flista_precios_servicios%2Fmoto-lf150t-fichaprecios_1692674576.pdf|target:_blank&#8221;][\/vc_column][\/vc_row][vc_row][vc_column][vc_single_image image=&#8221;4866&#8243; img_size=&#8221;full&#8221; alignment=&#8221;center&#8221; css_animation=&#8221;fadeInLeft&#8221;][\/vc_column][\/vc_row][vc_row css=&#8221;.vc_custom_1694827012134{margin-left: 0px !important;}&#8221;][vc_column][vc_images_carousel images=&#8221;4868,4867,4866,4873,4872,4870,4869,4871&#8243; img_size=&#8221;full&#8221; speed=&#8221;3000&#8243; autoplay=&#8221;yes&#8221; wrap=&#8221;yes&#8221; css_animation=&#8221;fadeIn&#8221;][\/vc_column][\/vc_row][vc_row][vc_column css=&#8221;.vc_custom_1693826489251{margin-top: 40px !important;margin-bottom: 40px !important;}&#8221;][vc_column_text css_animation=&#8221;slideInLeft&#8221;]<\/p>\r\n<h1 style=\"text-align: center;\"><span style=\"color: #000000;\">Destacados<\/span><\/h1>\r\n<h5 style=\"text-align: center;\"><span style=\"color: #000000;\">Highlights de tu modelo Lifan favorito<\/span><\/h5>\r\n<table class=\"features_text\" border=\"0\" cellspacing=\"10\" cellpadding=\"10\" align=\"left\">\r\n<tbody>\r\n<tr>\r\n<td>\r\n<ul>\r\n<li>\r\n<h4><strong>Motor: monocil\u00edndrico, 4 tiempos, OHC, refrigerado por aire<\/strong><\/h4>\r\n<\/li>\r\n<li>\r\n<h4><strong>Cilindrada: 150 cm3<\/strong><\/h4>\r\n<\/li>\r\n<li>\r\n<h4><strong>Relaci\u00f3n de compresi\u00f3n: 9,5:1<\/strong><\/h4>\r\n<\/li>\r\n<li>\r\n<h4><strong>Alimentaci\u00f3n: carburador<\/strong><\/h4>\r\n<\/li>\r\n<li>\r\n<h4><strong>Encendido: el\u00e9ctrico\/patada<\/strong><\/h4>\r\n<\/li>\r\n<li>\r\n<h4><strong>Transmisi\u00f3n: autom\u00e1tica CVT<\/strong><\/h4>\r\n<\/li>\r\n<\/ul>\r\n<\/td>\r\n<td>\u00a0<\/td>\r\n<td>\r\n<ul>\r\n<li>\r\n<h4><strong>Capacidad del tanque de combustible: 5,5 litros<\/strong><\/h4>\r\n<\/li>\r\n<li>\r\n<h4><strong>Freno delantero \/ trasero: disco \/ tambor<\/strong><\/h4>\r\n<\/li>\r\n<li>\r\n<h4><strong>Suspensi\u00f3n delantera \/ trasera: horquilla telesc\u00f3pica \/ doble amortiguador con resortes<\/strong><\/h4>\r\n<\/li>\r\n<li>\r\n<h4><strong>Neum\u00e1ticos delanteros \/ traseros: 90\/90-12 \/ 90\/90-12<\/strong><\/h4>\r\n<\/li>\r\n<li>\r\n<h4><strong>Instrumental: anal\u00f3gico \/ digital<\/strong><\/h4>\r\n<\/li>\r\n<li>\r\n<h4><strong>Llantas: aleaci\u00f3n<\/strong><\/h4>\r\n<\/li>\r\n<\/ul>\r\n<\/td>\r\n<\/tr>\r\n<\/tbody>\r\n<\/table>\r\n<p>[\/vc_column_text][vc_btn title=&#8221;Descargar Ficha T\u00e9cnica&#8221; style=&#8221;flat&#8221; shape=&#8221;round&#8221; color=&#8221;blue&#8221; align=&#8221;center&#8221; css_animation=&#8221;bottom-to-top&#8221; css=&#8221;.vc_custom_1694436711332{padding-top: 40px !important;}&#8221; link=&#8221;url:http%3A%2F%2Fwww.fortunatofortino.com%2Ffamlyfortino%2Fresources%2Flifan%2Ffichas%2Fmoto-lf150t-fichatecnica_1666720702.pdf|target:_blank&#8221;][\/vc_column][\/vc_row][vc_row][vc_column][vc_column_text]<\/p>\r\n<h3 class=\"titleBlock__title\" style=\"text-align: center;\"><span style=\"color: #000000;\"><strong>Subite a tu pr\u00f3xima LF 150 T<\/strong><\/span><\/h3>\r\n<p class=\"titleBlock__subtitle\" style=\"text-align: center;\"><span style=\"color: #000000;\">Te responderemos a la brevedad.<\/span><\/p>\r\n<p>[\/vc_column_text][\/vc_column][\/vc_row][vc_row][vc_column width=&#8221;1\/6&#8243;][\/vc_column][vc_column width=&#8221;2\/3&#8243;]\n<div class=\"wpcf7 no-js\" id=\"wpcf7-f5066-o1\" lang=\"es-ES\" dir=\"ltr\" data-wpcf7-id=\"5066\">\n<div class=\"screen-reader-response\"><p role=\"status\" aria-live=\"polite\" aria-atomic=\"true\"><\/p> <ul><\/ul><\/div>\n<form action=\"\/motos\/wp-json\/wp\/v2\/pages\/4864#wpcf7-f5066-o1\" method=\"post\" class=\"wpcf7-form init\" aria-label=\"Formulario de contacto\" novalidate=\"novalidate\" data-status=\"init\">\n<fieldset class=\"hidden-fields-container\"><input type=\"hidden\" name=\"_wpcf7\" value=\"5066\" \/><input type=\"hidden\" name=\"_wpcf7_version\" value=\"6.1.5\" \/><input type=\"hidden\" name=\"_wpcf7_locale\" value=\"es_ES\" \/><input type=\"hidden\" name=\"_wpcf7_unit_tag\" value=\"wpcf7-f5066-o1\" \/><input type=\"hidden\" name=\"_wpcf7_container_post\" value=\"0\" \/><input type=\"hidden\" name=\"_wpcf7_posted_data_hash\" value=\"\" \/>\n<\/fieldset>\n<div class=\"row stm-forms-sm\">\n    <div class=\"col-md-4 col-sm-4\">\n       <div class=\"form-group\">\n         <div class=\"form-label-small\">Nombre<\/div>\n         <span class=\"wpcf7-form-control-wrap\" data-name=\"your-name\"><input size=\"40\" maxlength=\"400\" class=\"wpcf7-form-control wpcf7-text wpcf7-validates-as-required\" aria-required=\"true\" aria-invalid=\"false\" value=\"\" type=\"text\" name=\"your-name\" \/><\/span>\n       <\/div>\n    <\/div>\n    <div class=\"col-md-4 col-sm-4\">\n       <div class=\"form-group\">\n         <div class=\"form-label-small\">Email<\/div>\n         <span class=\"wpcf7-form-control-wrap\" data-name=\"your-email\"><input size=\"40\" maxlength=\"400\" class=\"wpcf7-form-control wpcf7-email wpcf7-validates-as-required wpcf7-text wpcf7-validates-as-email\" aria-required=\"true\" aria-invalid=\"false\" value=\"\" type=\"email\" name=\"your-email\" \/><\/span>\n       <\/div>\n    <\/div>\n    <div class=\"col-md-4 col-sm-4\">\n       <div class=\"form-group\">\n         <div class=\"form-label-small\">Tel\u00e9fono<\/div>\n         <span class=\"wpcf7-form-control-wrap\" data-name=\"your-tel\"><input size=\"40\" maxlength=\"400\" class=\"wpcf7-form-control wpcf7-tel wpcf7-validates-as-required wpcf7-text wpcf7-validates-as-tel\" aria-required=\"true\" aria-invalid=\"false\" value=\"\" type=\"tel\" name=\"your-tel\" \/><\/span>\n       <\/div>\n    <\/div>\n<\/div>\n<div class=\"row stm-forms-sm\">\n     <div class=\"col-md-12 col-sm-12\">\n       <div class=\"form-group-textarea\">\n         <div class=\"form-label\">Mensaje<\/div>\n         <span class=\"wpcf7-form-control-wrap\" data-name=\"your-message\"><textarea cols=\"40\" rows=\"10\" maxlength=\"2000\" class=\"wpcf7-form-control wpcf7-textarea\" aria-invalid=\"false\" name=\"your-message\"><\/textarea><\/span>\n       <\/div>\n    <\/div>\n    \n<\/div>\n<!--<hr class=\"form-hr\"\/>-->\n<div class=\"row\">\n    <div class=\"col-md-4 col-sm-4\">\n        <input class=\"wpcf7-form-control wpcf7-submit has-spinner button-fluid\" type=\"submit\" value=\"Enviar\" \/>\n    <\/div>\n    <div class=\"col-md-8 col-sm-8\">\n       <div class=\"stm-form-alert\" style=\"color:#b5b5b5;font-size:12px;line-height:13px;margin-top:0px;margin-bottom:10px\">\n          Nos pondremos en contacto vos lo antes posible si prefieres pod\u00e9s consultar por WhatsApp inmediatamente dentro de nuestro horario de atenci\u00f3n al cliente pulsando en el bot\u00f3n verde de abajo.\n       <\/div>\n    <\/div>\n<\/div><div class=\"wpcf7-response-output\" aria-hidden=\"true\"><\/div>\n<\/form>\n<\/div>\n[\/vc_column][vc_column width=&#8221;1\/6&#8243;][\/vc_column][\/vc_row][vc_row][vc_column][vc_column_text]<\/p>\r\n<div style=\"color: #b5b5b5; font-size: 10px; line-height: 11px;\">* Lista de precios sugerida v\u00e1lida y publicada en famlymotos.famly.com.ar para veh\u00edculos adquiridos en un concesionario oficial de Famly Argentina hasta el 30\/09\/2023 inclusive. Hasta agotar stock: 10 unidades. Modelo KP 200 M, precio sugerido $ 1.521.000.- Modelo KP 350, precio sugerido $ 2.990.000.- Modelo V16, precio sugerido $ 2.782.000.- Modelo LF 150 T, precio sugerido $ 997.000.- Modelo LF 125, precio sugerido $ 795.000.- Modelo XP 200, precio sugerido $ 910.000.- Modelo LF 150, precio sugerido $ 880.000.- Modelo KP 200 T, precio sugerido $ 2.206.000.- Modelo KPV 150, precio sugerido $ 2.360.000. Los precios no incluyen gastos de flete, formularios ni patentamiento. Los precios indicados incluyen IVA. Precios vigentes sugeridos para todo el pa\u00eds excepto Tierra del Fuego. Garant\u00eda: 1 a\u00f1o o 10.000km (Lo que suceda primero). Las caracter\u00edsticas del producto podr\u00e1n sufrir cambios sin previo aviso. Fotos no contractuales. Detalles de equipamiento y especificaciones del modelo en ficha t\u00e9cnica. Origen del producto Argentina. Comercializado por Lifcar S.A. (Jos\u00e9 Ingenieros 3848, Olivos) a trav\u00e9s de su Red de Concesionarios Oficiales.<\/div>\r\n<p>[\/vc_column_text][\/vc_column][\/vc_row]<\/p><\/section>","protected":false},"excerpt":{"rendered":"<p>[vc_row][vc_column][\/vc_column][\/vc_row][vc_row gap=&#8221;10&#8243; css=&#8221;.vc_custom_1694826810721{margin-top: 10px !important;margin-bottom: 10px !important;}&#8221;][vc_column][vc_column_text css_animation=&#8221;bottom-to-top&#8221;] Para acompa\u00f1ar tu estilo El tama\u00f1o compacto de nuestro scooter es la forma m\u00e1s c\u00f3moda y pr\u00e1ctica para moverte en la ciudad. Precio $ 997.000 * [\/vc_column_text][\/vc_column][\/vc_row][vc_row gap=&#8221;10&#8243; css=&#8221;.vc_custom_1694826966474{margin-top: 10px !important;margin-bottom: 10px !important;}&#8221;][vc_column width=&#8221;1\/3&#8243; css=&#8221;.vc_custom_1693656538876{margin-top: 40px !important;border-bottom-width: 40px !important;}&#8221;][\/vc_column][vc_column width=&#8221;1\/3&#8243;][vc_btn title=&#8221;Contactar a un asesor&#8221; style=&#8221;flat&#8221; shape=&#8221;round&#8221; color=&#8221;blue&#8221;&#8230;<\/p>\n","protected":false},"author":2,"featured_media":4866,"parent":4684,"menu_order":0,"comment_status":"closed","ping_status":"closed","template":"","meta":{"footnotes":""},"class_list":["post-4864","page","type-page","status-publish","has-post-thumbnail","hentry"],"_links":{"self":[{"href":"https:\/\/famlyfortino.com.ar\/motos\/wp-json\/wp\/v2\/pages\/4864","targetHints":{"allow":["GET"]}}],"collection":[{"href":"https:\/\/famlyfortino.com.ar\/motos\/wp-json\/wp\/v2\/pages"}],"about":[{"href":"https:\/\/famlyfortino.com.ar\/motos\/wp-json\/wp\/v2\/types\/page"}],"author":[{"embeddable":true,"href":"https:\/\/famlyfortino.com.ar\/motos\/wp-json\/wp\/v2\/users\/2"}],"replies":[{"embeddable":true,"href":"https:\/\/famlyfortino.com.ar\/motos\/wp-json\/wp\/v2\/comments?post=4864"}],"version-history":[{"count":11,"href":"https:\/\/famlyfortino.com.ar\/motos\/wp-json\/wp\/v2\/pages\/4864\/revisions"}],"predecessor-version":[{"id":5893,"href":"https:\/\/famlyfortino.com.ar\/motos\/wp-json\/wp\/v2\/pages\/4864\/revisions\/5893"}],"up":[{"embeddable":true,"href":"https:\/\/famlyfortino.com.ar\/motos\/wp-json\/wp\/v2\/pages\/4684"}],"wp:featuredmedia":[{"embeddable":true,"href":"https:\/\/famlyfortino.com.ar\/motos\/wp-json\/wp\/v2\/media\/4866"}],"wp:attachment":[{"href":"https:\/\/famlyfortino.com.ar\/motos\/wp-json\/wp\/v2\/media?parent=4864"}],"curies":[{"name":"wp","href":"https:\/\/api.w.org\/{rel}","templated":true}]}}